{"id":3691,"date":"2025-06-12T21:42:13","date_gmt":"2025-06-12T19:42:13","guid":{"rendered":"https:\/\/sourcing.docshipper.com\/en\/?page_id=3691"},"modified":"2025-06-12T21:50:12","modified_gmt":"2025-06-12T19:50:12","slug":"ebooks","status":"publish","type":"page","link":"https:\/\/sourcing.docshipper.com\/en\/ebooks\/","title":{"rendered":"Ebooks"},"content":{"rendered":"\t\t<div data-elementor-type=\"wp-page\" data-elementor-id=\"3691\" class=\"elementor elementor-3691\" data-elementor-post-type=\"page\">\n\t\t\t\t\t\t<section class=\"elementor-section elementor-top-section elementor-element elementor-element-36aeec35 elementor-section-full_width elementor-section-height-default elementor-section-height-default\" data-id=\"36aeec35\" data-element_type=\"section\" data-e-type=\"section\" data-settings=\"{&quot;background_background&quot;:&quot;classic&quot;,&quot;shape_divider_bottom&quot;:&quot;curve&quot;}\">\n\t\t\t\t\t<div class=\"elementor-shape elementor-shape-bottom\" aria-hidden=\"true\" data-negative=\"false\">\n\t\t\t<svg xmlns=\"http:\/\/www.w3.org\/2000\/svg\" viewBox=\"0 0 1000 100\" preserveAspectRatio=\"none\">\n    <path class=\"elementor-shape-fill\" d=\"M1000,4.3V0H0v4.3C0.9,23.1,126.7,99.2,500,100S1000,22.7,1000,4.3z\"\/>\n<\/svg>\t\t<\/div>\n\t\t\t\t\t<div class=\"elementor-container elementor-column-gap-default\">\n\t\t\t\t\t<div class=\"elementor-column elementor-col-100 elementor-top-column elementor-element elementor-element-6edd41a5\" data-id=\"6edd41a5\" data-element_type=\"column\" data-e-type=\"column\">\n\t\t\t<div class=\"elementor-widget-wrap elementor-element-populated\">\n\t\t\t\t\t\t<section class=\"elementor-section elementor-inner-section elementor-element elementor-element-6a67107f elementor-section-boxed elementor-section-height-default elementor-section-height-default\" data-id=\"6a67107f\" data-element_type=\"section\" data-e-type=\"section\">\n\t\t\t\t\t\t<div class=\"elementor-container elementor-column-gap-default\">\n\t\t\t\t\t<div class=\"elementor-column elementor-col-100 elementor-inner-column elementor-element elementor-element-46c35fd\" data-id=\"46c35fd\" data-element_type=\"column\" data-e-type=\"column\">\n\t\t\t<div class=\"elementor-widget-wrap elementor-element-populated\">\n\t\t\t\t\t\t<div class=\"elementor-element elementor-element-43408170 elementor-widget elementor-widget-docshipper-theme-section-title-one-widget\" data-id=\"43408170\" data-element_type=\"widget\" data-e-type=\"widget\" data-widget_type=\"docshipper-theme-section-title-one-widget.default\">\n\t\t\t\t<div class=\"elementor-widget-container\">\n\t\t\t\t\t        <div class=\"title-area\">\r\n                        <h1 class=\"sec-title style2\">Discover our Exclusive Collection of <span>E-Books<\/span><\/h1>                                        <p class=\"sec-text\">Explore our library of expertly crafted ebooks, designed to help you learn, grow, and succeed when importing and exporting. Whether you're looking for in-depth guides, actionable insights, or inspiring stories, you'll find everything you need right here in one place.<\/p>\r\n            \r\n        <\/div>\r\n\t\t\t\t<\/div>\n\t\t\t\t<\/div>\n\t\t\t\t\t<\/div>\n\t\t<\/div>\n\t\t\t\t\t<\/div>\n\t\t<\/section>\n\t\t\t\t\t<\/div>\n\t\t<\/div>\n\t\t\t\t\t<\/div>\n\t\t<\/section>\n\t\t\t\t<section class=\"elementor-section elementor-top-section elementor-element elementor-element-32d1b0a9 elementor-section-boxed elementor-section-height-default elementor-section-height-default\" data-id=\"32d1b0a9\" data-element_type=\"section\" data-e-type=\"section\">\n\t\t\t\t\t\t<div class=\"elementor-container elementor-column-gap-default\">\n\t\t\t\t\t<div class=\"elementor-column elementor-col-100 elementor-top-column elementor-element elementor-element-5cbcb92f\" data-id=\"5cbcb92f\" data-element_type=\"column\" data-e-type=\"column\">\n\t\t\t<div class=\"elementor-widget-wrap elementor-element-populated\">\n\t\t\t\t\t\t<section class=\"elementor-section elementor-inner-section elementor-element elementor-element-6ab44f68 elementor-section-height-min-height elementor-section-boxed elementor-section-height-default\" data-id=\"6ab44f68\" data-element_type=\"section\" data-e-type=\"section\">\n\t\t\t\t\t\t<div class=\"elementor-container elementor-column-gap-default\">\n\t\t\t\t\t<div class=\"elementor-column elementor-col-50 elementor-inner-column elementor-element elementor-element-36099aa3\" data-id=\"36099aa3\" data-element_type=\"column\" data-e-type=\"column\">\n\t\t\t<div class=\"elementor-widget-wrap elementor-element-populated\">\n\t\t\t\t\t\t<div class=\"elementor-element elementor-element-2cb17845 elementor-widget__width-initial elementor-widget elementor-widget-image\" data-id=\"2cb17845\" data-element_type=\"widget\" data-e-type=\"widget\" data-widget_type=\"image.default\">\n\t\t\t\t<div class=\"elementor-widget-container\">\n\t\t\t\t\t\t\t\t\t\t\t\t\t\t\t<img fetchpriority=\"high\" decoding=\"async\" width=\"601\" height=\"764\" src=\"https:\/\/sourcing.docshipper.com\/en\/wp-content\/uploads\/sites\/2\/2025\/06\/LA-BIBLE-DE-lIMPORT.png\" class=\"attachment-full size-full wp-image-3693\" alt=\"\" srcset=\"https:\/\/sourcing.docshipper.com\/en\/wp-content\/uploads\/sites\/2\/2025\/06\/LA-BIBLE-DE-lIMPORT.png 601w, https:\/\/sourcing.docshipper.com\/en\/wp-content\/uploads\/sites\/2\/2025\/06\/LA-BIBLE-DE-lIMPORT-236x300.png 236w\" sizes=\"(max-width: 601px) 100vw, 601px\" \/>\t\t\t\t\t\t\t\t\t\t\t\t\t\t\t<\/div>\n\t\t\t\t<\/div>\n\t\t\t\t\t<\/div>\n\t\t<\/div>\n\t\t\t\t<div class=\"elementor-column elementor-col-50 elementor-inner-column elementor-element elementor-element-7e814e89\" data-id=\"7e814e89\" data-element_type=\"column\" data-e-type=\"column\">\n\t\t\t<div class=\"elementor-widget-wrap elementor-element-populated\">\n\t\t\t\t\t\t<div class=\"elementor-element elementor-element-2ba41369 elementor-widget__width-initial elementor-widget elementor-widget-docshipper-theme-section-title-one-widget\" data-id=\"2ba41369\" data-element_type=\"widget\" data-e-type=\"widget\" data-widget_type=\"docshipper-theme-section-title-one-widget.default\">\n\t\t\t\t<div class=\"elementor-widget-container\">\n\t\t\t\t\t        <div class=\"title-area\">\r\n                            <span class=\"sub-title\">\r\n                    Free E-book                <\/span>\r\n                        <h2 class=\"sec-title style2\">E-book Title<\/h2>                                        <p class=\"sec-text\">Ce guide exhaustif est compos\u00e9 de 11 chapitres d\u00e9taill\u00e9s, chacun con\u00e7u pour vous accompagner \u00e9tape par \u00e9tape \u00e0 travers les complexit\u00e9s du sourcing en Chine.\n\n<br><br>Que vous soyez un entrepreneur d\u00e9butant ou un responsable approvisionnement dans une multinationale, ce guide vous fournit les outils n\u00e9cessaires pour aborder le sourcing en Chine avec assurance.<\/p>\r\n            \r\n        <\/div>\r\n\t\t\t\t<\/div>\n\t\t\t\t<\/div>\n\t\t\t\t<div class=\"elementor-element elementor-element-11073249 elementor-widget__width-initial elementor-widget elementor-widget-docshipper-button-widget\" data-id=\"11073249\" data-element_type=\"widget\" data-e-type=\"widget\" data-widget_type=\"docshipper-button-widget.default\">\n\t\t\t\t<div class=\"elementor-widget-container\">\n\t\t\t\t\t\r\n    <div class=\"btn-wrapper\">\r\n        <a class=\"btn btn-base\" href=\"\">\r\n            Download                            <span class=\"float-end\">\r\n                                    <\/span>\r\n                    <\/a>\r\n    <\/div>\r\n\r\n    \t\t\t\t<\/div>\n\t\t\t\t<\/div>\n\t\t\t\t\t<\/div>\n\t\t<\/div>\n\t\t\t\t\t<\/div>\n\t\t<\/section>\n\t\t\t\t<div class=\"elementor-element elementor-element-35f4f46a elementor-widget-divider--view-line elementor-widget elementor-widget-divider\" data-id=\"35f4f46a\" data-element_type=\"widget\" data-e-type=\"widget\" data-widget_type=\"divider.default\">\n\t\t\t\t<div class=\"elementor-widget-container\">\n\t\t\t\t\t\t\t<div class=\"elementor-divider\">\n\t\t\t<span class=\"elementor-divider-separator\">\n\t\t\t\t\t\t<\/span>\n\t\t<\/div>\n\t\t\t\t\t\t<\/div>\n\t\t\t\t<\/div>\n\t\t\t\t\t<\/div>\n\t\t<\/div>\n\t\t\t\t\t<\/div>\n\t\t<\/section>\n\t\t<div class=\"elementor-element elementor-element-1c4dceaf e-flex e-con-boxed e-con e-parent\" data-id=\"1c4dceaf\" data-element_type=\"container\" data-e-type=\"container\">\n\t\t\t\t\t<div class=\"e-con-inner\">\n\t\t\t\t<div class=\"elementor-element elementor-element-d7aed46 elementor-widget elementor-widget-docshipper-theme-section-title-one-widget\" data-id=\"d7aed46\" data-element_type=\"widget\" data-e-type=\"widget\" data-widget_type=\"docshipper-theme-section-title-one-widget.default\">\n\t\t\t\t<div class=\"elementor-widget-container\">\n\t\t\t\t\t        <div class=\"title-area\">\r\n                        <h2 class=\"sec-title style2\">Other <span>great resources<\/span> to check out<\/h2>                        \r\n        <\/div>\r\n\t\t\t\t<\/div>\n\t\t\t\t<\/div>\n\t\t\t\t\t<\/div>\n\t\t\t\t<\/div>\n\t\t\t\t<section class=\"elementor-section elementor-top-section elementor-element elementor-element-5587b3e2 elementor-section-boxed elementor-section-height-default elementor-section-height-default\" data-id=\"5587b3e2\" data-element_type=\"section\" data-e-type=\"section\">\n\t\t\t\t\t\t<div class=\"elementor-container elementor-column-gap-default\">\n\t\t\t\t\t<div class=\"elementor-column elementor-col-100 elementor-top-column elementor-element elementor-element-5dc25c90\" data-id=\"5dc25c90\" data-element_type=\"column\" data-e-type=\"column\">\n\t\t\t<div class=\"elementor-widget-wrap elementor-element-populated\">\n\t\t\t\t\t\t<section class=\"elementor-section elementor-inner-section elementor-element elementor-element-54a25131 elementor-section-boxed elementor-section-height-default elementor-section-height-default\" data-id=\"54a25131\" data-element_type=\"section\" data-e-type=\"section\">\n\t\t\t\t\t\t<div class=\"elementor-container elementor-column-gap-default\">\n\t\t\t\t\t<div class=\"elementor-column elementor-col-50 elementor-inner-column elementor-element elementor-element-5131809\" data-id=\"5131809\" data-element_type=\"column\" data-e-type=\"column\">\n\t\t\t<div class=\"elementor-widget-wrap elementor-element-populated\">\n\t\t\t\t\t\t<div class=\"elementor-element elementor-element-7ade0ea5 image-box-wrap-btn-none elementor-widget elementor-widget-docshipper-image-box-widget\" data-id=\"7ade0ea5\" data-element_type=\"widget\" data-e-type=\"widget\" data-widget_type=\"docshipper-image-box-widget.default\">\n\t\t\t\t<div class=\"elementor-widget-container\">\n\t\t\t\t\t        <div class=\"image-box-wrap bottom-right wow animated fadeInUp\" data-wow-duration=\"1.5s\" data-wow-delay=\"0.4s\">\r\n            <div class=\"content-inner\">\r\n                <h3 class=\"title\" >Brochures<\/h3>                                    <p class=\"content\">Browse our brochures to better understand our services, methods, and the solutions we offer.<\/p>\r\n                                                    <a class=\"btn btn-base\" href=\"https:\/\/sourcing.docshipper.com\/en\/brochures\/\">\r\n                                                    <span class=\"btn_texts\">\r\n                                Explore                            <\/span>\r\n                                                                            <span class=\"btn_icons float-end\">\r\n                                                            <\/span>\r\n                                            <\/a>\r\n                            <\/div>\r\n                                <div class=\"thumb image-dark\">\r\n                        <img decoding=\"async\" src=\"https:\/\/sourcing.docshipper.com\/en\/wp-content\/uploads\/sites\/2\/2025\/06\/Illustxration.png\" alt=\"image\">\r\n                    <\/div>\r\n                    <\/div>\r\n\r\n\t\t\t\t<\/div>\n\t\t\t\t<\/div>\n\t\t\t\t\t<\/div>\n\t\t<\/div>\n\t\t\t\t<div class=\"elementor-column elementor-col-50 elementor-inner-column elementor-element elementor-element-6820d7a\" data-id=\"6820d7a\" data-element_type=\"column\" data-e-type=\"column\">\n\t\t\t<div class=\"elementor-widget-wrap elementor-element-populated\">\n\t\t\t\t\t\t<div class=\"elementor-element elementor-element-6e27d7aa image-box-wrap-btn-none elementor-widget elementor-widget-docshipper-image-box-widget\" data-id=\"6e27d7aa\" data-element_type=\"widget\" data-e-type=\"widget\" data-widget_type=\"docshipper-image-box-widget.default\">\n\t\t\t\t<div class=\"elementor-widget-container\">\n\t\t\t\t\t        <div class=\"image-box-wrap bottom-right wow animated fadeInUp\" data-wow-duration=\"1.5s\" data-wow-delay=\"0.3s\">\r\n            <div class=\"content-inner\">\r\n                <h3 class=\"title\" >Blogs<\/h3>                                    <p class=\"content\">Practical our in-depth advice, market analysis, and news on international trade.<\/p>\r\n                                                    <a class=\"btn btn-base\" href=\"https:\/\/sourcing.docshipper.com\/en\/blog\/\">\r\n                                                    <span class=\"btn_texts\">\r\n                                Explore                            <\/span>\r\n                                                                            <span class=\"btn_icons float-end\">\r\n                                                            <\/span>\r\n                                            <\/a>\r\n                            <\/div>\r\n                                <div class=\"thumb image-dark\">\r\n                        <img decoding=\"async\" src=\"https:\/\/sourcing.docshipper.com\/en\/wp-content\/uploads\/sites\/2\/2025\/06\/Illustddration.png\" alt=\"image\">\r\n                    <\/div>\r\n                    <\/div>\r\n\r\n\t\t\t\t<\/div>\n\t\t\t\t<\/div>\n\t\t\t\t\t<\/div>\n\t\t<\/div>\n\t\t\t\t\t<\/div>\n\t\t<\/section>\n\t\t\t\t\t<\/div>\n\t\t<\/div>\n\t\t\t\t\t<\/div>\n\t\t<\/section>\n\t\t\t\t<\/div>\n\t\t","protected":false},"excerpt":{"rendered":"<p>Discover our Exclusive Collection of E-Books Explore our library of expertly crafted ebooks, designed to help you learn, grow, and succeed when importing and exporting. Whether you&#8217;re looking for in-depth guides, actionable insights, or inspiring stories, you&#8217;ll find everything you need right here in one place. Free E-book E-book Title Ce guide exhaustif est compos\u00e9<\/p>\n","protected":false},"author":1,"featured_media":0,"parent":0,"menu_order":0,"comment_status":"closed","ping_status":"closed","template":"elementor_header_footer","meta":{"inline_featured_image":false,"footnotes":""},"class_list":["post-3691","page","type-page","status-publish","hentry"],"_links":{"self":[{"href":"https:\/\/sourcing.docshipper.com\/en\/wp-json\/wp\/v2\/pages\/3691","targetHints":{"allow":["GET"]}}],"collection":[{"href":"https:\/\/sourcing.docshipper.com\/en\/wp-json\/wp\/v2\/pages"}],"about":[{"href":"https:\/\/sourcing.docshipper.com\/en\/wp-json\/wp\/v2\/types\/page"}],"author":[{"embeddable":true,"href":"https:\/\/sourcing.docshipper.com\/en\/wp-json\/wp\/v2\/users\/1"}],"replies":[{"embeddable":true,"href":"https:\/\/sourcing.docshipper.com\/en\/wp-json\/wp\/v2\/comments?post=3691"}],"version-history":[{"count":7,"href":"https:\/\/sourcing.docshipper.com\/en\/wp-json\/wp\/v2\/pages\/3691\/revisions"}],"predecessor-version":[{"id":3701,"href":"https:\/\/sourcing.docshipper.com\/en\/wp-json\/wp\/v2\/pages\/3691\/revisions\/3701"}],"wp:attachment":[{"href":"https:\/\/sourcing.docshipper.com\/en\/wp-json\/wp\/v2\/media?parent=3691"}],"curies":[{"name":"wp","href":"https:\/\/api.w.org\/{rel}","templated":true}]}}